{"id":833,"date":"2023-04-27T11:32:43","date_gmt":"2023-04-27T09:32:43","guid":{"rendered":"https:\/\/www.finsat.es\/?page_id=833"},"modified":"2024-07-05T11:47:37","modified_gmt":"2024-07-05T09:47:37","slug":"services","status":"publish","type":"page","link":"https:\/\/www.finsat.es\/en\/servicios\/","title":{"rendered":"Services"},"content":{"rendered":"<div data-elementor-type=\"wp-page\" data-elementor-id=\"833\" class=\"elementor elementor-833\" data-elementor-post-type=\"page\">\n\t\t\t\t\t\t<section class=\"elementor-section elementor-top-section elementor-element elementor-element-a1237wp elementor-section-boxed elementor-section-height-default elementor-section-height-default\" data-id=\"a1237wp\" data-element_type=\"section\" data-e-type=\"section\" data-settings=\"{&quot;background_background&quot;:&quot;classic&quot;}\">\n\t\t\t\t\t\t\t<div class=\"elementor-background-overlay\"><\/div>\n\t\t\t\t\t\t\t<div class=\"elementor-container elementor-column-gap-no\">\n\t\t\t\t\t<div class=\"elementor-column elementor-col-100 elementor-top-column elementor-element elementor-element-073fbb5\" data-id=\"073fbb5\" data-element_type=\"column\" data-e-type=\"column\">\n\t\t\t<div class=\"elementor-widget-wrap elementor-element-populated\">\n\t\t\t\t\t\t<div class=\"elementor-element elementor-element-5158c6c elementor-widget elementor-widget-heading\" data-id=\"5158c6c\" data-element_type=\"widget\" data-e-type=\"widget\" data-widget_type=\"heading.default\">\n\t\t\t\t<div class=\"elementor-widget-container\">\n\t\t\t\t\t<h1 class=\"elementor-heading-title elementor-size-default\">Services<\/h1>\t\t\t\t<\/div>\n\t\t\t\t<\/div>\n\t\t\t\t<div class=\"elementor-element elementor-element-d8a3f71 elementor-widget-divider--view-line elementor-widget elementor-widget-divider\" data-id=\"d8a3f71\" data-element_type=\"widget\" data-e-type=\"widget\" data-widget_type=\"divider.default\">\n\t\t\t\t<div class=\"elementor-widget-container\">\n\t\t\t\t\t\t\t<div class=\"elementor-divider\">\n\t\t\t<span class=\"elementor-divider-separator\">\n\t\t\t\t\t\t<\/span>\n\t\t<\/div>\n\t\t\t\t\t\t<\/div>\n\t\t\t\t<\/div>\n\t\t\t\t\t<\/div>\n\t\t<\/div>\n\t\t\t\t\t<\/div>\n\t\t<\/section>\n\t\t\t\t<section class=\"elementor-section elementor-top-section elementor-element elementor-element-hkodiny elementor-section-boxed elementor-section-height-default elementor-section-height-default\" data-id=\"hkodiny\" data-element_type=\"section\" data-e-type=\"section\" data-settings=\"{&quot;background_background&quot;:&quot;classic&quot;}\">\n\t\t\t\t\t\t<div class=\"elementor-container elementor-column-gap-no\">\n\t\t\t\t\t<div class=\"elementor-column elementor-col-100 elementor-top-column elementor-element elementor-element-5102130\" data-id=\"5102130\" data-element_type=\"column\" data-e-type=\"column\">\n\t\t\t<div class=\"elementor-widget-wrap elementor-element-populated\">\n\t\t\t\t\t\t<div class=\"elementor-element elementor-element-5c811e0 elementor-widget__width-initial elementor-widget-mobile__width-inherit elementor-view-default elementor-position-block-start elementor-mobile-position-block-start elementor-widget elementor-widget-icon-box\" data-id=\"5c811e0\" data-element_type=\"widget\" data-e-type=\"widget\" data-widget_type=\"icon-box.default\">\n\t\t\t\t<div class=\"elementor-widget-container\">\n\t\t\t\t\t\t\t<div class=\"elementor-icon-box-wrapper\">\n\n\t\t\t\t\t\t<div class=\"elementor-icon-box-icon\">\n\t\t\t\t<span  class=\"elementor-icon\">\n\t\t\t\t<i aria-hidden=\"true\" class=\"fas fa-download\"><\/i>\t\t\t\t<\/span>\n\t\t\t<\/div>\n\t\t\t\n\t\t\t\t\t\t<div class=\"elementor-icon-box-content\">\n\n\t\t\t\t\t\t\t\t\t<h2 class=\"elementor-icon-box-title\">\n\t\t\t\t\t\t<span  >\n\t\t\t\t\t\t\tFacilities\t\t\t\t\t\t<\/span>\n\t\t\t\t\t<\/h2>\n\t\t\t\t\n\t\t\t\t\n\t\t\t<\/div>\n\t\t\t\n\t\t<\/div>\n\t\t\t\t\t\t<\/div>\n\t\t\t\t<\/div>\n\t\t\t\t<div class=\"elementor-element elementor-element-d4661dc elementor-widget__width-initial elementor-widget-mobile__width-inherit elementor-view-default elementor-position-block-start elementor-mobile-position-block-start elementor-widget elementor-widget-icon-box\" data-id=\"d4661dc\" data-element_type=\"widget\" data-e-type=\"widget\" data-widget_type=\"icon-box.default\">\n\t\t\t\t<div class=\"elementor-widget-container\">\n\t\t\t\t\t\t\t<div class=\"elementor-icon-box-wrapper\">\n\n\t\t\t\t\t\t<div class=\"elementor-icon-box-icon\">\n\t\t\t\t<span  class=\"elementor-icon\">\n\t\t\t\t<i aria-hidden=\"true\" class=\"fas fa-exclamation-circle\"><\/i>\t\t\t\t<\/span>\n\t\t\t<\/div>\n\t\t\t\n\t\t\t\t\t\t<div class=\"elementor-icon-box-content\">\n\n\t\t\t\t\t\t\t\t\t<h2 class=\"elementor-icon-box-title\">\n\t\t\t\t\t\t<span  >\n\t\t\t\t\t\t\tPreventive services\t\t\t\t\t\t<\/span>\n\t\t\t\t\t<\/h2>\n\t\t\t\t\n\t\t\t\t\n\t\t\t<\/div>\n\t\t\t\n\t\t<\/div>\n\t\t\t\t\t\t<\/div>\n\t\t\t\t<\/div>\n\t\t\t\t<div class=\"elementor-element elementor-element-4c9929c elementor-widget__width-initial elementor-widget-mobile__width-inherit elementor-view-default elementor-position-block-start elementor-mobile-position-block-start elementor-widget elementor-widget-icon-box\" data-id=\"4c9929c\" data-element_type=\"widget\" data-e-type=\"widget\" data-widget_type=\"icon-box.default\">\n\t\t\t\t<div class=\"elementor-widget-container\">\n\t\t\t\t\t\t\t<div class=\"elementor-icon-box-wrapper\">\n\n\t\t\t\t\t\t<div class=\"elementor-icon-box-icon\">\n\t\t\t\t<span  class=\"elementor-icon\">\n\t\t\t\t<i aria-hidden=\"true\" class=\"fas fa-wrench\"><\/i>\t\t\t\t<\/span>\n\t\t\t<\/div>\n\t\t\t\n\t\t\t\t\t\t<div class=\"elementor-icon-box-content\">\n\n\t\t\t\t\t\t\t\t\t<h2 class=\"elementor-icon-box-title\">\n\t\t\t\t\t\t<span  >\n\t\t\t\t\t\t\tCorrective services\t\t\t\t\t\t<\/span>\n\t\t\t\t\t<\/h2>\n\t\t\t\t\n\t\t\t\t\n\t\t\t<\/div>\n\t\t\t\n\t\t<\/div>\n\t\t\t\t\t\t<\/div>\n\t\t\t\t<\/div>\n\t\t\t\t\t<\/div>\n\t\t<\/div>\n\t\t\t\t\t<\/div>\n\t\t<\/section>\n\t\t\t\t<section class=\"elementor-section elementor-top-section elementor-element elementor-element-ghwcaap elementor-section-boxed elementor-section-height-default elementor-section-height-default\" data-id=\"ghwcaap\" data-element_type=\"section\" data-e-type=\"section\" data-settings=\"{&quot;background_background&quot;:&quot;classic&quot;}\">\n\t\t\t\t\t\t<div class=\"elementor-container elementor-column-gap-no\">\n\t\t\t\t\t<div class=\"elementor-column elementor-col-100 elementor-top-column elementor-element elementor-element-6a8c82c\" data-id=\"6a8c82c\" data-element_type=\"column\" data-e-type=\"column\">\n\t\t\t<div class=\"elementor-widget-wrap elementor-element-populated\">\n\t\t\t\t\t\t<div class=\"elementor-element elementor-element-31e88d5 elementor-position-left elementor-vertical-align-middle elementor-widget elementor-widget-image-box\" data-id=\"31e88d5\" data-element_type=\"widget\" data-e-type=\"widget\" data-widget_type=\"image-box.default\">\n\t\t\t\t<div class=\"elementor-widget-container\">\n\t\t\t\t\t<div class=\"elementor-image-box-wrapper\"><figure class=\"elementor-image-box-img\"><img fetchpriority=\"high\" decoding=\"async\" width=\"1500\" height=\"1125\" src=\"https:\/\/www.finsat.es\/wp-content\/uploads\/2023\/08\/Tecan-EVO-150-Pipetteerrobot_Verdunner_44382_4-3-scaled-1.jpg\" class=\"attachment-full size-full wp-image-1015\" alt=\"Electromedicine and laboratory equipment.\" srcset=\"https:\/\/www.finsat.es\/wp-content\/uploads\/2023\/08\/Tecan-EVO-150-Pipetteerrobot_Verdunner_44382_4-3-scaled-1.jpg 1500w, https:\/\/www.finsat.es\/wp-content\/uploads\/2023\/08\/Tecan-EVO-150-Pipetteerrobot_Verdunner_44382_4-3-scaled-1-300x225.jpg 300w, https:\/\/www.finsat.es\/wp-content\/uploads\/2023\/08\/Tecan-EVO-150-Pipetteerrobot_Verdunner_44382_4-3-scaled-1-1024x768.jpg 1024w, https:\/\/www.finsat.es\/wp-content\/uploads\/2023\/08\/Tecan-EVO-150-Pipetteerrobot_Verdunner_44382_4-3-scaled-1-768x576.jpg 768w, https:\/\/www.finsat.es\/wp-content\/uploads\/2023\/08\/Tecan-EVO-150-Pipetteerrobot_Verdunner_44382_4-3-scaled-1-16x12.jpg 16w\" sizes=\"(max-width: 1500px) 100vw, 1500px\" \/><\/figure><div class=\"elementor-image-box-content\"><h2 class=\"elementor-image-box-title\">Facilities<\/h2><p class=\"elementor-image-box-description\">Thanks to the experience that precedes us after so many years in the sector, we can assure our clients a high quality in the realization of pre-sites, installations, commissioning, uninstallation or relocation of equipment.<\/p><\/div><\/div>\t\t\t\t<\/div>\n\t\t\t\t<\/div>\n\t\t\t\t<div class=\"elementor-element elementor-element-f301f94 elementor-position-right elementor-vertical-align-middle elementor-widget elementor-widget-image-box\" data-id=\"f301f94\" data-element_type=\"widget\" data-e-type=\"widget\" data-widget_type=\"image-box.default\">\n\t\t\t\t<div class=\"elementor-widget-container\">\n\t\t\t\t\t<div class=\"elementor-image-box-wrapper\"><figure class=\"elementor-image-box-img\"><img decoding=\"async\" width=\"1000\" height=\"516\" src=\"https:\/\/www.finsat.es\/wp-content\/uploads\/2024\/07\/artisan_photo_3.jpg\" class=\"attachment-full size-full wp-image-1201\" alt=\"\" srcset=\"https:\/\/www.finsat.es\/wp-content\/uploads\/2024\/07\/artisan_photo_3.jpg 1000w, https:\/\/www.finsat.es\/wp-content\/uploads\/2024\/07\/artisan_photo_3-300x155.jpg 300w, https:\/\/www.finsat.es\/wp-content\/uploads\/2024\/07\/artisan_photo_3-768x396.jpg 768w, https:\/\/www.finsat.es\/wp-content\/uploads\/2024\/07\/artisan_photo_3-18x9.jpg 18w\" sizes=\"(max-width: 1000px) 100vw, 1000px\" \/><\/figure><div class=\"elementor-image-box-content\"><h2 class=\"elementor-image-box-title\">Preventive services<\/h2><p class=\"elementor-image-box-description\">In order to reduce and control possible future breakdowns in the equipment and thus minimize failures, we can ensure that in order for your equipment to continue working perfectly, it is necessary to carry out preventive maintenance on a regular basis following the manufacturer&#039;s recommendations. This way we can maintain a permanent availability of the equipment in the best conditions of use.<\/p><\/div><\/div>\t\t\t\t<\/div>\n\t\t\t\t<\/div>\n\t\t\t\t<div class=\"elementor-element elementor-element-e8e66bf elementor-position-left elementor-vertical-align-middle elementor-widget elementor-widget-image-box\" data-id=\"e8e66bf\" data-element_type=\"widget\" data-e-type=\"widget\" data-widget_type=\"image-box.default\">\n\t\t\t\t<div class=\"elementor-widget-container\">\n\t\t\t\t\t<div class=\"elementor-image-box-wrapper\"><figure class=\"elementor-image-box-img\"><img decoding=\"async\" width=\"971\" height=\"1199\" src=\"https:\/\/www.finsat.es\/wp-content\/uploads\/2023\/08\/IMG-0461.jpg\" class=\"attachment-full size-full wp-image-1011\" alt=\"Electromedicine and laboratory equipment.\" srcset=\"https:\/\/www.finsat.es\/wp-content\/uploads\/2023\/08\/IMG-0461.jpg 971w, https:\/\/www.finsat.es\/wp-content\/uploads\/2023\/08\/IMG-0461-243x300.jpg 243w, https:\/\/www.finsat.es\/wp-content\/uploads\/2023\/08\/IMG-0461-829x1024.jpg 829w, https:\/\/www.finsat.es\/wp-content\/uploads\/2023\/08\/IMG-0461-768x948.jpg 768w, https:\/\/www.finsat.es\/wp-content\/uploads\/2023\/08\/IMG-0461-10x12.jpg 10w\" sizes=\"(max-width: 971px) 100vw, 971px\" \/><\/figure><div class=\"elementor-image-box-content\"><h2 class=\"elementor-image-box-title\">Corrective services<\/h2><p class=\"elementor-image-box-description\">Once the fault appears, getting the most information about the error, fault, or problem with the equipment is the most important thing, thus being able to find the origin or cause of the problem as quickly and efficiently as possible. Thus optimizing repair times, thus minimizing the time that the equipment is stopped with what this can have repercussions for the client.<\/p><\/div><\/div>\t\t\t\t<\/div>\n\t\t\t\t<\/div>\n\t\t\t\t\t<\/div>\n\t\t<\/div>\n\t\t\t\t\t<\/div>\n\t\t<\/section>\n\t\t\t\t<\/div>","protected":false},"excerpt":{"rendered":"<p>Servicios Instalaciones Servicios preventivos Servicios correctivos Instalaciones Gracias a la experiencia que nos precede despu\u00e9s de tantos a\u00f1os en el sector, podemos asegurar a nuestros clientes una alta calidad en la realizaci\u00f3n de pre-sites, instalaciones, puestas en marcha, desinstalaciones o reubicaciones de equipos. Servicios preventivos Con el objetivo de reducir y controlar posibles futuras aver\u00edas [&hellip;]<\/p>\n","protected":false},"author":1,"featured_media":251,"parent":0,"menu_order":3,"comment_status":"closed","ping_status":"closed","template":"","meta":{"site-sidebar-layout":"no-sidebar","site-content-layout":"page-builder","ast-site-content-layout":"full-width-container","site-content-style":"unboxed","site-sidebar-style":"unboxed","ast-global-header-display":"","ast-banner-title-visibility":"","ast-main-header-display":"","ast-hfb-above-header-display":"","ast-hfb-below-header-display":"","ast-hfb-mobile-header-display":"","site-post-title":"disabled","ast-breadcrumbs-content":"","ast-featured-img":"disabled","footer-sml-layout":"","ast-disable-related-posts":"","theme-transparent-header-meta":"default","adv-header-id-meta":"","stick-header-meta":"default","header-above-stick-meta":"","header-main-stick-meta":"","header-below-stick-meta":"","astra-migrate-meta-layouts":"set","ast-page-background-enabled":"default","ast-page-background-meta":{"desktop":{"background-color":"","background-image":"","background-repeat":"repeat","background-position":"center center","background-size":"auto","background-attachment":"scroll","background-type":"","background-media":"","overlay-type":"","overlay-color":"","overlay-opacity":"","overlay-gradient":""},"tablet":{"background-color":"","background-image":"","background-repeat":"repeat","background-position":"center center","background-size":"auto","background-attachment":"scroll","background-type":"","background-media":"","overlay-type":"","overlay-color":"","overlay-opacity":"","overlay-gradient":""},"mobile":{"background-color":"","background-image":"","background-repeat":"repeat","background-position":"center center","background-size":"auto","background-attachment":"scroll","background-type":"","background-media":"","overlay-type":"","overlay-color":"","overlay-opacity":"","overlay-gradient":""}},"ast-content-background-meta":{"desktop":{"background-color":"var(--ast-global-color-5)","background-image":"","background-repeat":"repeat","background-position":"center center","background-size":"auto","background-attachment":"scroll","background-type":"","background-media":"","overlay-type":"","overlay-color":"","overlay-opacity":"","overlay-gradient":""},"tablet":{"background-color":"var(--ast-global-color-5)","background-image":"","background-repeat":"repeat","background-position":"center center","background-size":"auto","background-attachment":"scroll","background-type":"","background-media":"","overlay-type":"","overlay-color":"","overlay-opacity":"","overlay-gradient":""},"mobile":{"background-color":"var(--ast-global-color-5)","background-image":"","background-repeat":"repeat","background-position":"center center","background-size":"auto","background-attachment":"scroll","background-type":"","background-media":"","overlay-type":"","overlay-color":"","overlay-opacity":"","overlay-gradient":""}},"footnotes":""},"class_list":["post-833","page","type-page","status-publish","has-post-thumbnail","hentry"],"yoast_head":"<!-- This site is optimized with the Yoast SEO plugin v27.4 - https:\/\/yoast.com\/product\/yoast-seo-wordpress\/ -->\n<title>Servicios - Finsat<\/title>\n<meta name=\"description\" content=\"Instalaci\u00f3n de equipos de electromediciona, mantenimiento y prevenci\u00f3n de aver\u00edas, as\u00ed como reparaci\u00f3n de equipos.\" \/>\n<meta name=\"robots\" content=\"index, follow, max-snippet:-1, max-image-preview:large, max-video-preview:-1\" \/>\n<link rel=\"canonical\" href=\"https:\/\/www.finsat.es\/en\/services\/\" \/>\n<meta property=\"og:locale\" content=\"en_US\" \/>\n<meta property=\"og:type\" content=\"article\" \/>\n<meta property=\"og:title\" content=\"Servicios - Finsat\" \/>\n<meta property=\"og:description\" content=\"Instalaci\u00f3n de equipos de electromediciona, mantenimiento y prevenci\u00f3n de aver\u00edas, as\u00ed como reparaci\u00f3n de equipos.\" \/>\n<meta property=\"og:url\" content=\"https:\/\/www.finsat.es\/en\/services\/\" \/>\n<meta property=\"og:site_name\" content=\"Finsat\" \/>\n<meta property=\"article:modified_time\" content=\"2024-07-05T09:47:37+00:00\" \/>\n<meta property=\"og:image\" content=\"https:\/\/www.finsat.es\/wp-content\/uploads\/2023\/04\/finsat-logo.png\" \/>\n\t<meta property=\"og:image:width\" content=\"1500\" \/>\n\t<meta property=\"og:image:height\" content=\"331\" \/>\n\t<meta property=\"og:image:type\" content=\"image\/png\" \/>\n<meta name=\"twitter:card\" content=\"summary_large_image\" \/>\n<script type=\"application\/ld+json\" class=\"yoast-schema-graph\">{\"@context\":\"https:\\\/\\\/schema.org\",\"@graph\":[{\"@type\":\"WebPage\",\"@id\":\"https:\\\/\\\/www.finsat.es\\\/servicios\\\/\",\"url\":\"https:\\\/\\\/www.finsat.es\\\/servicios\\\/\",\"name\":\"Servicios - Finsat\",\"isPartOf\":{\"@id\":\"https:\\\/\\\/www.finsat.es\\\/#website\"},\"primaryImageOfPage\":{\"@id\":\"https:\\\/\\\/www.finsat.es\\\/servicios\\\/#primaryimage\"},\"image\":{\"@id\":\"https:\\\/\\\/www.finsat.es\\\/servicios\\\/#primaryimage\"},\"thumbnailUrl\":\"https:\\\/\\\/www.finsat.es\\\/wp-content\\\/uploads\\\/2023\\\/04\\\/finsat-logo.png\",\"datePublished\":\"2023-04-27T09:32:43+00:00\",\"dateModified\":\"2024-07-05T09:47:37+00:00\",\"description\":\"Instalaci\u00f3n de equipos de electromediciona, mantenimiento y prevenci\u00f3n de aver\u00edas, as\u00ed como reparaci\u00f3n de equipos.\",\"breadcrumb\":{\"@id\":\"https:\\\/\\\/www.finsat.es\\\/servicios\\\/#breadcrumb\"},\"inLanguage\":\"en-US\",\"potentialAction\":[{\"@type\":\"ReadAction\",\"target\":[\"https:\\\/\\\/www.finsat.es\\\/servicios\\\/\"]}]},{\"@type\":\"ImageObject\",\"inLanguage\":\"en-US\",\"@id\":\"https:\\\/\\\/www.finsat.es\\\/servicios\\\/#primaryimage\",\"url\":\"https:\\\/\\\/www.finsat.es\\\/wp-content\\\/uploads\\\/2023\\\/04\\\/finsat-logo.png\",\"contentUrl\":\"https:\\\/\\\/www.finsat.es\\\/wp-content\\\/uploads\\\/2023\\\/04\\\/finsat-logo.png\",\"width\":1500,\"height\":331,\"caption\":\"Finsat\"},{\"@type\":\"BreadcrumbList\",\"@id\":\"https:\\\/\\\/www.finsat.es\\\/servicios\\\/#breadcrumb\",\"itemListElement\":[{\"@type\":\"ListItem\",\"position\":1,\"name\":\"Inicio\",\"item\":\"https:\\\/\\\/www.finsat.es\\\/\"},{\"@type\":\"ListItem\",\"position\":2,\"name\":\"Servicios\"}]},{\"@type\":\"WebSite\",\"@id\":\"https:\\\/\\\/www.finsat.es\\\/#website\",\"url\":\"https:\\\/\\\/www.finsat.es\\\/\",\"name\":\"Finsat\",\"description\":\"SERVICIO T\u00c9CNICO EN ELECTROMEDICINA Y LABORATORIO\",\"publisher\":{\"@id\":\"https:\\\/\\\/www.finsat.es\\\/#organization\"},\"potentialAction\":[{\"@type\":\"SearchAction\",\"target\":{\"@type\":\"EntryPoint\",\"urlTemplate\":\"https:\\\/\\\/www.finsat.es\\\/?s={search_term_string}\"},\"query-input\":{\"@type\":\"PropertyValueSpecification\",\"valueRequired\":true,\"valueName\":\"search_term_string\"}}],\"inLanguage\":\"en-US\"},{\"@type\":\"Organization\",\"@id\":\"https:\\\/\\\/www.finsat.es\\\/#organization\",\"name\":\"Finsat\",\"url\":\"https:\\\/\\\/www.finsat.es\\\/\",\"logo\":{\"@type\":\"ImageObject\",\"inLanguage\":\"en-US\",\"@id\":\"https:\\\/\\\/www.finsat.es\\\/#\\\/schema\\\/logo\\\/image\\\/\",\"url\":\"https:\\\/\\\/www.finsat.es\\\/wp-content\\\/uploads\\\/2023\\\/08\\\/Finsat-Logo.png\",\"contentUrl\":\"https:\\\/\\\/www.finsat.es\\\/wp-content\\\/uploads\\\/2023\\\/08\\\/Finsat-Logo.png\",\"width\":1200,\"height\":675,\"caption\":\"Finsat\"},\"image\":{\"@id\":\"https:\\\/\\\/www.finsat.es\\\/#\\\/schema\\\/logo\\\/image\\\/\"}}]}<\/script>\n<!-- \/ Yoast SEO plugin. -->","yoast_head_json":{"title":"Services - Finsat","description":"Installation of electro-medical equipment, maintenance and prevention of breakdowns, as well as equipment repair.","robots":{"index":"index","follow":"follow","max-snippet":"max-snippet:-1","max-image-preview":"max-image-preview:large","max-video-preview":"max-video-preview:-1"},"canonical":"https:\/\/www.finsat.es\/en\/services\/","og_locale":"en_US","og_type":"article","og_title":"Servicios - Finsat","og_description":"Instalaci\u00f3n de equipos de electromediciona, mantenimiento y prevenci\u00f3n de aver\u00edas, as\u00ed como reparaci\u00f3n de equipos.","og_url":"https:\/\/www.finsat.es\/en\/services\/","og_site_name":"Finsat","article_modified_time":"2024-07-05T09:47:37+00:00","og_image":[{"width":1500,"height":331,"url":"https:\/\/www.finsat.es\/wp-content\/uploads\/2023\/04\/finsat-logo.png","type":"image\/png"}],"twitter_card":"summary_large_image","schema":{"@context":"https:\/\/schema.org","@graph":[{"@type":"WebPage","@id":"https:\/\/www.finsat.es\/servicios\/","url":"https:\/\/www.finsat.es\/servicios\/","name":"Services - Finsat","isPartOf":{"@id":"https:\/\/www.finsat.es\/#website"},"primaryImageOfPage":{"@id":"https:\/\/www.finsat.es\/servicios\/#primaryimage"},"image":{"@id":"https:\/\/www.finsat.es\/servicios\/#primaryimage"},"thumbnailUrl":"https:\/\/www.finsat.es\/wp-content\/uploads\/2023\/04\/finsat-logo.png","datePublished":"2023-04-27T09:32:43+00:00","dateModified":"2024-07-05T09:47:37+00:00","description":"Installation of electro-medical equipment, maintenance and prevention of breakdowns, as well as equipment repair.","breadcrumb":{"@id":"https:\/\/www.finsat.es\/servicios\/#breadcrumb"},"inLanguage":"en-US","potentialAction":[{"@type":"ReadAction","target":["https:\/\/www.finsat.es\/servicios\/"]}]},{"@type":"ImageObject","inLanguage":"en-US","@id":"https:\/\/www.finsat.es\/servicios\/#primaryimage","url":"https:\/\/www.finsat.es\/wp-content\/uploads\/2023\/04\/finsat-logo.png","contentUrl":"https:\/\/www.finsat.es\/wp-content\/uploads\/2023\/04\/finsat-logo.png","width":1500,"height":331,"caption":"Finsat"},{"@type":"BreadcrumbList","@id":"https:\/\/www.finsat.es\/servicios\/#breadcrumb","itemListElement":[{"@type":"ListItem","position":1,"name":"Inicio","item":"https:\/\/www.finsat.es\/"},{"@type":"ListItem","position":2,"name":"Servicios"}]},{"@type":"WebSite","@id":"https:\/\/www.finsat.es\/#website","url":"https:\/\/www.finsat.es\/","name":"Finsat","description":"TECHNICAL SERVICE IN ELECTROMEDICINE AND LABORATORY","publisher":{"@id":"https:\/\/www.finsat.es\/#organization"},"potentialAction":[{"@type":"SearchAction","target":{"@type":"EntryPoint","urlTemplate":"https:\/\/www.finsat.es\/?s={search_term_string}"},"query-input":{"@type":"PropertyValueSpecification","valueRequired":true,"valueName":"search_term_string"}}],"inLanguage":"en-US"},{"@type":"Organization","@id":"https:\/\/www.finsat.es\/#organization","name":"Finsat","url":"https:\/\/www.finsat.es\/","logo":{"@type":"ImageObject","inLanguage":"en-US","@id":"https:\/\/www.finsat.es\/#\/schema\/logo\/image\/","url":"https:\/\/www.finsat.es\/wp-content\/uploads\/2023\/08\/Finsat-Logo.png","contentUrl":"https:\/\/www.finsat.es\/wp-content\/uploads\/2023\/08\/Finsat-Logo.png","width":1200,"height":675,"caption":"Finsat"},"image":{"@id":"https:\/\/www.finsat.es\/#\/schema\/logo\/image\/"}}]}},"_links":{"self":[{"href":"https:\/\/www.finsat.es\/en\/wp-json\/wp\/v2\/pages\/833","targetHints":{"allow":["GET"]}}],"collection":[{"href":"https:\/\/www.finsat.es\/en\/wp-json\/wp\/v2\/pages"}],"about":[{"href":"https:\/\/www.finsat.es\/en\/wp-json\/wp\/v2\/types\/page"}],"author":[{"embeddable":true,"href":"https:\/\/www.finsat.es\/en\/wp-json\/wp\/v2\/users\/1"}],"replies":[{"embeddable":true,"href":"https:\/\/www.finsat.es\/en\/wp-json\/wp\/v2\/comments?post=833"}],"version-history":[{"count":24,"href":"https:\/\/www.finsat.es\/en\/wp-json\/wp\/v2\/pages\/833\/revisions"}],"predecessor-version":[{"id":1204,"href":"https:\/\/www.finsat.es\/en\/wp-json\/wp\/v2\/pages\/833\/revisions\/1204"}],"wp:featuredmedia":[{"embeddable":true,"href":"https:\/\/www.finsat.es\/en\/wp-json\/wp\/v2\/media\/251"}],"wp:attachment":[{"href":"https:\/\/www.finsat.es\/en\/wp-json\/wp\/v2\/media?parent=833"}],"curies":[{"name":"wp","href":"https:\/\/api.w.org\/{rel}","templated":true}]}}